
{"id":1121,"date":"2021-10-26T13:16:16","date_gmt":"2021-10-26T13:16:16","guid":{"rendered":"https:\/\/adforestpro.scriptsbundle.com\/demo-bakery\/?page_id=1121"},"modified":"2021-10-26T13:16:16","modified_gmt":"2021-10-26T13:16:16","slug":"arrowroot-classified","status":"publish","type":"page","link":"https:\/\/mag.wihdatec.com\/en\/arrowroot-classified\/","title":{"rendered":"Arrowroot Classified"},"content":{"rendered":"<div class=\"wpb-content-wrapper\"><p>[vc_row][vc_column]<div class=\"home-category-slider\">\r\n         <div class=\"container-fluid no-padding\">\r\n            <div class=\"category-slider owl-carousel owl-theme\">\r\n\t\t\t\t<div class=\"item\">\r\n                  <!-- Category Banner -->\r\n                  <div class=\"category-grid-5\">\r\n                     <!-- Category Icon -->\r\n                     <div class=\"category-grid-5-icon\"> <i class=\"flaticon-home-1\"><\/i> <\/div>\r\n                     <!-- Category Title -->\r\n                     <div class=\"cat-5-title\">\r\n                        <h2>\r\n                           <a href=\"https:\/\/mag.wihdatec.com\/cherche-id\/?cat_id=71\">Yamaha YZF-R3<\/a>\r\n                        <\/h2>\r\n                     <\/div>\r\n                     <!-- Category Ad Count -->\r\n                     <div class=\"cat-5-count\">0 ads<\/div>\r\n                     <!-- Popular Keywords -->\r\n                     <div class=\"cat-5-popular\">\r\n                        <p><\/p>\r\n                     <\/div>\r\n                     <a href=\"https:\/\/mag.wihdatec.com\/cherche-id\/?cat_id=71\" class=\"btn btn-lg btn-clean\">View All<\/a> \r\n                  <\/div>\r\n               <\/div><div class=\"item\">\r\n                  <!-- Category Banner -->\r\n                  <div class=\"category-grid-5\">\r\n                     <!-- Category Icon -->\r\n                     <div class=\"category-grid-5-icon\"> <i class=\"flaticon-online-job-search-symbol\"><\/i> <\/div>\r\n                     <!-- Category Title -->\r\n                     <div class=\"cat-5-title\">\r\n                        <h2>\r\n                           <a href=\"https:\/\/mag.wihdatec.com\/cherche-id\/?cat_id=47\">MacBook Air 2017<\/a>\r\n                        <\/h2>\r\n                     <\/div>\r\n                     <!-- Category Ad Count -->\r\n                     <div class=\"cat-5-count\">0 ads<\/div>\r\n                     <!-- Popular Keywords -->\r\n                     <div class=\"cat-5-popular\">\r\n                        <p><\/p>\r\n                     <\/div>\r\n                     <a href=\"https:\/\/mag.wihdatec.com\/cherche-id\/?cat_id=47\" class=\"btn btn-lg btn-clean\">View All<\/a> \r\n                  <\/div>\r\n               <\/div><div class=\"item\">\r\n                  <!-- Category Banner -->\r\n                  <div class=\"category-grid-5\">\r\n                     <!-- Category Icon -->\r\n                     <div class=\"category-grid-5-icon\"> <i class=\"flaticon-animal-1\"><\/i> <\/div>\r\n                     <!-- Category Title -->\r\n                     <div class=\"cat-5-title\">\r\n                        <h2>\r\n                           <a href=\"https:\/\/mag.wihdatec.com\/cherche-id\/?cat_id=17\">beautiful homes<\/a>\r\n                        <\/h2>\r\n                     <\/div>\r\n                     <!-- Category Ad Count -->\r\n                     <div class=\"cat-5-count\">0 ads<\/div>\r\n                     <!-- Popular Keywords -->\r\n                     <div class=\"cat-5-popular\">\r\n                        <p><\/p>\r\n                     <\/div>\r\n                     <a href=\"https:\/\/mag.wihdatec.com\/cherche-id\/?cat_id=17\" class=\"btn btn-lg btn-clean\">View All<\/a> \r\n                  <\/div>\r\n               <\/div><div class=\"item\">\r\n                  <!-- Category Banner -->\r\n                  <div class=\"category-grid-5\">\r\n                     <!-- Category Icon -->\r\n                     <div class=\"category-grid-5-icon\"> <i class=\"flaticon-transport-6\"><\/i> <\/div>\r\n                     <!-- Category Title -->\r\n                     <div class=\"cat-5-title\">\r\n                        <h2>\r\n                           <a href=\"https:\/\/mag.wihdatec.com\/cherche-id\/?cat_id=51\">Plated CZ Diamon rings<\/a>\r\n                        <\/h2>\r\n                     <\/div>\r\n                     <!-- Category Ad Count -->\r\n                     <div class=\"cat-5-count\">0 ads<\/div>\r\n                     <!-- Popular Keywords -->\r\n                     <div class=\"cat-5-popular\">\r\n                        <p><\/p>\r\n                     <\/div>\r\n                     <a href=\"https:\/\/mag.wihdatec.com\/cherche-id\/?cat_id=51\" class=\"btn btn-lg btn-clean\">View All<\/a> \r\n                  <\/div>\r\n               <\/div><div class=\"item\">\r\n                  <!-- Category Banner -->\r\n                  <div class=\"category-grid-5\">\r\n                     <!-- Category Icon -->\r\n                     <div class=\"category-grid-5-icon\"> <i class=\"flaticon-baseball\"><\/i> <\/div>\r\n                     <!-- Category Title -->\r\n                     <div class=\"cat-5-title\">\r\n                        <h2>\r\n                           <a href=\"https:\/\/mag.wihdatec.com\/cherche-id\/?cat_id=66\">stylish Lamborghini Aventador<\/a>\r\n                        <\/h2>\r\n                     <\/div>\r\n                     <!-- Category Ad Count -->\r\n                     <div class=\"cat-5-count\">0 ads<\/div>\r\n                     <!-- Popular Keywords -->\r\n                     <div class=\"cat-5-popular\">\r\n                        <p><\/p>\r\n                     <\/div>\r\n                     <a href=\"https:\/\/mag.wihdatec.com\/cherche-id\/?cat_id=66\" class=\"btn btn-lg btn-clean\">View All<\/a> \r\n                  <\/div>\r\n               <\/div>\r\n            <\/div>\r\n         <\/div>\r\n      <\/div>\r\n[\/vc_column][\/vc_row][vc_row][vc_column]<section class=\"custom-padding ads-grid-selector  \" ><div class=\"container\"><div class=\"heading-panel\"><div class=\"col-xs-12 col-md-12 col-sm-12 text-center\"><h2>Latest <span class=\"heading-color\">Featured <\/span>Listings<\/h2> <p class=\"heading-text\">Eu delicata rationibus usu. Vix te putant utroque, ludus fabellas duo eu, his dico ut debet consectetuer.<\/p><\/div><\/div><div class=\"\" style=\"box-shadow: 0px 0px 0px 0px;\" ><div class=\"col-md-12 col-xs-12 col-sm-12\"><div class=\"row posts-masonry\"><div class=\"col-lg-4  col-xl-3 col-12 col-md-4  col-sm-6\"><div class=\"feature-section ad-grid-6\"><div class=\"feature-shops\"><a href=\"https:\/\/mag.wihdatec.com\/en\/annonces\/headphone\/\"><img decoding=\"async\" src=\"https:\/\/mag.wihdatec.com\/wp-content\/uploads\/2024\/11\/ecouteur-iroman-pioneer.jpg\" alt=\"headphone\" class=\"img-fluid\"><\/a><div class=\"new-feature-products-maker\"><div class=\"feature-products new-feature-products\"><span>$CAN29.95<span class=\"\">&nbsp;(Negotiable)<\/span><\/span><\/div><\/div><div class=\"feature-icons new-feature-icons\"><a href=\"javascript:void(0);\"  data-adid=\"11435\" ad_to_fav><i class=\"fa fa-heart\"><\/i><\/a><\/div><\/div><div class=\"feature-description\"><div class=\"feature-text new-feature-text\"><div class=\"feature-shop-colors\"> <ul class=\"list-inline\"> <li><a href=\"https:\/\/mag.wihdatec.com\/en\/categorie\/telephones-electron-en\/\">T\u00c9L\u00c9PHONE &amp; \u00c9LECTRON.<\/a><\/li> <\/ul> <\/div><h2 class=\"fonts\"><a href=\"https:\/\/mag.wihdatec.com\/en\/annonces\/headphone\/\" title=\"headphone\">headphone<\/a><\/h2><h4><i class=\"fa fa-map-marker no-padding\"><\/i><a href=\"javascript:void(0);\"><\/a><\/h4><\/div><div class=\"feature-shadow\"><ul class=\"list-inline\"><li><i class=\"fa fa-clock-o\"><\/i><span class=\"items\">05\/11\/2024<\/span><\/li><li><i class=\"fa fa-eye\"><\/i><span class=\"items\">418 Views<\/span><\/li><\/ul><\/div><\/div><\/div><\/div><div class=\"col-lg-4  col-xl-3 col-12 col-md-4  col-sm-6\"><div class=\"feature-section ad-grid-6\"><div class=\"feature-shops\"><a href=\"https:\/\/mag.wihdatec.com\/en\/annonces\/kit-vengeance-lpx-ram-ddr4-2-x-8-gb-3200-mhz\/\"><img decoding=\"async\" src=\"https:\/\/mag.wihdatec.com\/wp-content\/uploads\/2022\/03\/memoire.png\" alt=\"kit Vengeance LPX ram ddr4 2 x 8 Gb 3200 Mhz\" class=\"img-fluid\"><\/a><div class=\"new-feature-products-maker\"><div class=\"feature-products new-feature-products\"><span>\u20ac45.00<span class=\"\">&nbsp;(Auction)<\/span><\/span><\/div><\/div><div class=\"feature-icons new-feature-icons\"><a href=\"javascript:void(0);\"  data-adid=\"7932\" ad_to_fav><i class=\"fa fa-heart\"><\/i><\/a><\/div><\/div><div class=\"feature-description\"><div class=\"feature-text new-feature-text\"><div class=\"feature-shop-colors\"> <ul class=\"list-inline\"> <li><a href=\"https:\/\/mag.wihdatec.com\/en\/categorie\/ordinateurs-de-bureau-en\/\">Computer &amp; Technology<\/a><\/li><li><a href=\"https:\/\/mag.wihdatec.com\/en\/categorie\/i-t-computer\/\">I.T &amp; COMPUTER<\/a><\/li> <\/ul> <\/div><h2 class=\"fonts\"><a href=\"https:\/\/mag.wihdatec.com\/en\/annonces\/kit-vengeance-lpx-ram-ddr4-2-x-8-gb-3200-mhz\/\" title=\"kit Vengeance LPX ram ddr4 2 x 8 Gb 3200 Mhz\">kit Vengeance LPX ram ddr4 2 x 8 Gb 3200 Mhz<\/a><\/h2><h4><i class=\"fa fa-map-marker no-padding\"><\/i><a href=\"javascript:void(0);\">Grenoble, France<\/a><\/h4><\/div><div class=\"feature-shadow\"><ul class=\"list-inline\"><li><i class=\"fa fa-clock-o\"><\/i><span class=\"items\">03\/11\/2024<\/span><\/li><li><i class=\"fa fa-eye\"><\/i><span class=\"items\">457 Views<\/span><\/li><\/ul><\/div><\/div><\/div><\/div><div class=\"col-lg-4  col-xl-3 col-12 col-md-4  col-sm-6\"><div class=\"feature-section ad-grid-6\"><div class=\"feature-shops\"><a href=\"https:\/\/mag.wihdatec.com\/en\/annonces\/sacaner-cose-barre-datalogic-gryphon-gd4520\/\"><img decoding=\"async\" src=\"https:\/\/mag.wihdatec.com\/wp-content\/uploads\/2024\/10\/temp5508370629202895035.jpg\" alt=\"Scanner code barre Datalogic Gryphon GD4520\" class=\"img-fluid\"><\/a><div class=\"new-feature-products-maker\"><div class=\"feature-products new-feature-products\"><span>$199.00<span class=\"\">&nbsp;(Auction)<\/span><\/span><\/div><\/div><div class=\"feature-icons new-feature-icons\"><a href=\"javascript:void(0);\"  data-adid=\"11402\" ad_to_fav><i class=\"fa fa-heart\"><\/i><\/a><\/div><\/div><div class=\"feature-description\"><div class=\"feature-text new-feature-text\"><div class=\"feature-shop-colors\"> <ul class=\"list-inline\"> <li><a href=\"https:\/\/mag.wihdatec.com\/en\/categorie\/informatique-technlogie-2-en\/\">Computer &amp; Technology<\/a><\/li> <\/ul> <\/div><h2 class=\"fonts\"><a href=\"https:\/\/mag.wihdatec.com\/en\/annonces\/sacaner-cose-barre-datalogic-gryphon-gd4520\/\" title=\"Scanner code barre Datalogic Gryphon GD4520\">Scanner code barre Datalogic Gryphon GD4520<\/a><\/h2><h4><i class=\"fa fa-map-marker no-padding\"><\/i><a href=\"javascript:void(0);\"><\/a><\/h4><\/div><div class=\"feature-shadow\"><ul class=\"list-inline\"><li><i class=\"fa fa-clock-o\"><\/i><span class=\"items\">27\/10\/2024<\/span><\/li><li><i class=\"fa fa-eye\"><\/i><span class=\"items\">438 Views<\/span><\/li><\/ul><\/div><\/div><\/div><\/div><div class=\"col-lg-4  col-xl-3 col-12 col-md-4  col-sm-6\"><div class=\"feature-section ad-grid-6\"><div class=\"feature-shops\"><a href=\"https:\/\/mag.wihdatec.com\/en\/annonces\/disque-dur-2tb-externe-2-5-seagate-backup-plus\/\"><img decoding=\"async\" src=\"https:\/\/mag.wihdatec.com\/wp-content\/uploads\/2020\/07\/seag-1tb-01-1020-313x234.jpg\" alt=\"Disque dur 2TB Externe 2.5 SEAGATE BACKUP PLUS\" class=\"img-fluid\"><\/a><div class=\"new-feature-products-maker\"><div class=\"feature-products new-feature-products\"><span>$95.00<span class=\"\">&nbsp;(Auction)<\/span><\/span><\/div><\/div><div class=\"feature-icons new-feature-icons\"><a href=\"https:\/\/www.youtube.com\/watch?v=LefOpGXS0cI\" class=\"play-video-new \"><i class=\"fa fa-play-circle-o\"><\/i><\/a><a href=\"javascript:void(0);\"  data-adid=\"5560\" ad_to_fav><i class=\"fa fa-heart\"><\/i><\/a><\/div><\/div><div class=\"feature-description\"><div class=\"feature-text new-feature-text\"><div class=\"feature-shop-colors\"> <ul class=\"list-inline\"> <li><a href=\"https:\/\/mag.wihdatec.com\/en\/categorie\/i-t-computer\/\">I.T &amp; COMPUTER<\/a><\/li> <\/ul> <\/div><h2 class=\"fonts\"><a href=\"https:\/\/mag.wihdatec.com\/en\/annonces\/disque-dur-2tb-externe-2-5-seagate-backup-plus\/\" title=\"Disque dur 2TB Externe 2.5 SEAGATE BACKUP PLUS\">Disque dur 2TB Externe 2.5 SEAGATE BACKUP PLUS<\/a><\/h2><h4><i class=\"fa fa-map-marker no-padding\"><\/i><a href=\"javascript:void(0);\"><\/a><\/h4><\/div><div class=\"feature-shadow\"><ul class=\"list-inline\"><li><i class=\"fa fa-clock-o\"><\/i><span class=\"items\">02\/12\/2023<\/span><\/li><li><i class=\"fa fa-eye\"><\/i><span class=\"items\">683 Views<\/span><\/li><\/ul><\/div><\/div><\/div><\/div> <\/div><\/div><\/div><\/div><\/section>[\/vc_column][\/vc_row][vc_row][vc_column]<div class=\"cashew-main-counter funfacts  parallex\"  style=\"background: rgba(0, 0, 0, 0) url(https:\/\/mag.wihdatec.com\/wp-content\/uploads\/2017\/03\/toys.png) center center no-repeat; -webkit-background-size: cover; -moz-background-size: cover; -o-background-size: cover; background-size: cover;\">\r\n            <div class=\"container\">\r\n               <div class=\"row\"> <div class=\"col-lg-3 col-md-6 col-sm-6 col-xs-6\"><div class=\"icons\"><i class=\"flaticon-check-square\"><\/i><\/div><div class=\"number\"><span class=\"timer\" data-from=\"0\" data-to=\"1238\" data-speed=\"1500\" data-refresh-interval=\"5\">0<\/span><\/div><h4>Completed  <span>Projects<\/span><\/h4><\/div><div class=\"col-lg-3 col-md-6 col-sm-6 col-xs-6\"><div class=\"icons\"><i class=\"flaticon-man\"><\/i><\/div><div class=\"number\"><span class=\"timer\" data-from=\"0\" data-to=\"820\" data-speed=\"1500\" data-refresh-interval=\"5\">0<\/span><\/div><h4>Expert <span>Workers<\/span><\/h4><\/div><div class=\"col-lg-3 col-md-6 col-sm-6 col-xs-6\"><div class=\"icons\"><i class=\"flaticon-heart-1\"><\/i><\/div><div class=\"number\"><span class=\"timer\" data-from=\"0\" data-to=\"1042\" data-speed=\"1500\" data-refresh-interval=\"5\">0<\/span><\/div><h4>Happy <span>Clients<\/span><\/h4><\/div><div class=\"col-lg-3 col-md-6 col-sm-6 col-xs-6\"><div class=\"icons\"><i class=\"flaticon-heart\"><\/i><\/div><div class=\"number\"><span class=\"timer\" data-from=\"0\" data-to=\"34\" data-speed=\"1500\" data-refresh-interval=\"5\">0<\/span><\/div><h4>Award <span>Winners<\/span><\/h4><\/div> <\/div>\r\n            <\/div>\t\t\t\r\n         <\/div>[\/vc_column][\/vc_row][vc_row][vc_column]<section class=\"custom-padding  latest-blog bg-gray\" >\r\n            <div class=\"container\">\r\n                \r\n                <div class=\"heading-panel\"><div class=\"col-xs-12 col-md-12 col-sm-12 text-center\"><h2>Regular <span class=\"heading-color\"> Blog <\/span> Post<\/h2> <p class=\"heading-text\">Eu delicata rationibus usu. Vix te putant utroque, ludus fabellas duo eu, his dico ut debet consectetuer.<\/p><\/div><\/div>\r\n               <div class=\"row\">\t\t\t \r\n\t\t\t   <div class=\"col-md-12 col-xs-12 col-sm-12\">\r\n               <div class=\"row\"><\/div>\r\n\t\t\t<\/div>\r\n\t\t   <\/div>\r\n\t\t<\/div>\r\n\t\t<\/section>[\/vc_column][\/vc_row][vc_row css=&#8221;.vc_custom_1634210577249{background-image: url(https:\/\/adforestpro.scriptsbundle.com\/demo-bakery\/wp-content\/uploads\/sites\/5\/2021\/10\/bg-app.png?id=553) !important;}&#8221;][vc_column]<section class=\"get-app  bg-gray\">\r\n    <div class=\"container\">\r\n        <div class=\"row\">\r\n            <div class=\"col-xl-6 col-lg-6 col-md-12 col-sm-12\">\r\n                <div class=\"app-download\">\r\n                    <span>Get the app now<\/span>\r\n                    <h3>Download our free mobile apps today<\/h3>\r\n                    <p>Lorem ipsum dolor sit amet consectetur adipisicing elit. Sunt autem earum odio labore possimus minima id.Lorem ipsum dolor sit amet consectetur adipisicing elit. Sunt autem earum.ipsum dolor sit amet consectetur adipisicing elit<\/p>\r\n\r\n                    <div class=\"app-img\">\r\n                         <a href=\"https:\/\/play.google.com\/store\/apps\/details?id=scriptsbundle.adforest\" target=\"_blank\"> <img decoding=\"async\" src=\"https:\/\/mag.wihdatec.com\/wp-content\/uploads\/2021\/10\/google-1-1.png\" class=\"img-fluid\"  alt=\"image\"><\/a> \r\n                         <a href=\"https:\/\/apps.apple.com\/us\/app\/adforest\/id1387738252\" target=\"_blank\"> <img decoding=\"async\" src=\"https:\/\/mag.wihdatec.com\/wp-content\/uploads\/2021\/10\/app-store-1.png\" class=\"img-fluid\"  alt=\"image\"><\/a>\r\n                    <\/div>\r\n\r\n                <\/div>\r\n            <\/div>\r\n        <\/div>\r\n    <\/div>\r\n<\/section>[\/vc_column][\/vc_row][vc_row][vc_column]<div class=\"client-adfor \">\r\n    <div class=\"container\">\r\n        <div class=\"row\">\r\n            <div class=\"col-xl-12 col-lg-12 col-md-12 col-sm-12\">\r\n                <div id=\"clients\" class=\"clients\">\r\n                    <div class=\"clients-wrap\">\r\n                        <ul id=\"clients-list\" class=\"clearfix clients-list\">\r\n                            <li><a href=\"#\"><img decoding=\"async\" src=\"https:\/\/mag.wihdatec.com\/wp-content\/uploads\/2017\/03\/like.png\" alt=\"Black Ace\"><\/a><\/li><li><a href=\"#\"><img decoding=\"async\" src=\"https:\/\/mag.wihdatec.com\/wp-content\/uploads\/2017\/03\/user-chat.png\" alt=\"Black Ace\"><\/a><\/li><li><a href=\"#\"><img decoding=\"async\" src=\"https:\/\/mag.wihdatec.com\/wp-content\/uploads\/2017\/03\/like.png\" alt=\"Black Ace\"><\/a><\/li><li><a href=\"#\"><img decoding=\"async\" src=\"https:\/\/mag.wihdatec.com\/wp-content\/uploads\/2017\/03\/user-chat.png\" alt=\"Black Ace\"><\/a><\/li><li><a href=\"#\"><img decoding=\"async\" src=\"https:\/\/mag.wihdatec.com\/wp-content\/uploads\/2017\/03\/like.png\" alt=\"Black Ace\"><\/a><\/li><li><a href=\"#\"><img decoding=\"async\" src=\"https:\/\/mag.wihdatec.com\/wp-content\/uploads\/2017\/03\/user-chat.png\" alt=\"Black Ace\"><\/a><\/li>                      \r\n                        <\/ul>\r\n                    <\/div><!-- @end .clients-wrap -->\r\n                <\/div><!-- @end #clients -->\r\n\r\n            <\/div>\r\n        <\/div>\r\n    <\/div>\r\n<\/div>[\/vc_column][\/vc_row]<\/p>\n<\/div>","protected":false},"excerpt":{"rendered":"<p>[vc_row][vc_column][\/vc_column][\/vc_row][vc_row][vc_column][\/vc_column][\/vc_row][vc_row][vc_column][\/vc_column][\/vc_row][vc_row][vc_column][\/vc_column][\/vc_row][vc_row css=&#8221;.vc_custom_1634210577249{background-image: url(https:\/\/adforestpro.scriptsbundle.com\/demo-bakery\/wp-content\/uploads\/sites\/5\/2021\/10\/bg-app.png?id=553) !important;}&#8221;][vc_column][\/vc_column][\/vc_row][vc_row][vc_column][\/vc_column][\/vc_row]<\/p>\n","protected":false},"author":1,"featured_media":0,"parent":0,"menu_order":0,"comment_status":"closed","ping_status":"closed","template":"page-home.php","meta":{"footnotes":""},"class_list":["post-1121","page","type-page","status-publish","hentry"],"_links":{"self":[{"href":"https:\/\/mag.wihdatec.com\/en\/wp-json\/wp\/v2\/pages\/1121","targetHints":{"allow":["GET"]}}],"collection":[{"href":"https:\/\/mag.wihdatec.com\/en\/wp-json\/wp\/v2\/pages"}],"about":[{"href":"https:\/\/mag.wihdatec.com\/en\/wp-json\/wp\/v2\/types\/page"}],"author":[{"embeddable":true,"href":"https:\/\/mag.wihdatec.com\/en\/wp-json\/wp\/v2\/users\/1"}],"replies":[{"embeddable":true,"href":"https:\/\/mag.wihdatec.com\/en\/wp-json\/wp\/v2\/comments?post=1121"}],"version-history":[{"count":0,"href":"https:\/\/mag.wihdatec.com\/en\/wp-json\/wp\/v2\/pages\/1121\/revisions"}],"wp:attachment":[{"href":"https:\/\/mag.wihdatec.com\/en\/wp-json\/wp\/v2\/media?parent=1121"}],"curies":[{"name":"wp","href":"https:\/\/api.w.org\/{rel}","templated":true}]}}