{"id":1773,"date":"2017-10-27T06:17:36","date_gmt":"2017-10-27T06:17:36","guid":{"rendered":"http:\/\/adforest.scriptsbundles.com\/?page_id=1773"},"modified":"2020-05-11T00:38:40","modified_gmt":"2020-05-11T00:38:40","slug":"home-modern","status":"publish","type":"page","link":"https:\/\/mag.wihdatec.com\/en\/home-modern\/","title":{"rendered":"WIhdaz Classified"},"content":{"rendered":"<div class=\"wpb-content-wrapper\"><p>[vc_row][vc_column]<script>function adforest_location() {var options = {types: ['(cities)'],};var input = document.getElementById('sb_user_address');var action_on_complete\t= '';var autocomplete = new google.maps.places.Autocomplete(input, options);if( action_on_complete ){new google.maps.event.addListener(autocomplete, 'place_changed', function() {var place = autocomplete.getPlace();document.getElementById('ad_map_lat').value = place.geometry.location.lat();document.getElementById('ad_map_long').value = place.geometry.location.lng();var markers = [{'title': '','lat': place.geometry.location.lat(),'lng': place.geometry.location.lng(),},];my_g_map(markers);});}}<\/script><section id=\"intro-hero\"  style=\"background: rgba(0, 0, 0, 0) url(https:\/\/mag.wihdatec.com\/wp-content\/uploads\/2017\/10\/ferrari-458-italia-street-photo-hd-wallpaper.jpg) center top no-repeat; -webkit-background-size: cover; -moz-background-size: cover; -o-background-size: cover; background-size: cover;\"  class =  >\r\n                <div class=\"container\">\r\n                  <div class=\"row\">\r\n                    <div class=\"col-lg-7 col-md-7 col-sm-12 col-xs-12\">\r\n                    \r\n                     <div class=\"ads-search-heading\">\r\n                      <span class=\"hero-title\">More than <b>27<\/b> ads listing<\/span>\r\n                      <h1> AdForest the name you can trust <\/h1>\r\n                      <p class=\"hero-tagline\"> AdForest is one of the best and largest Premium Classified WordPress theme offers more than 16 unique home page designs with the perfect blend of beauty and functionality. Make your classifieds business at the top with SEO friendly and responsive classified themes. Aforest comes with a wide range of ads posting and management features. <\/p>\r\n                      <div class=\"intro-btn\">\r\n                        <a href=\"\" class=\"btn btn-theme btn-round\">Post Free Ad<\/a>\r\n                      <\/div>\r\n                      <\/div>\r\n                    <\/div> <!-- END col-lg-6 hero-text--> \r\n                    <div class=\"col-lg-5 col-md-5 col-sm-12 col-xs-12\">\r\n                      <form class=\"form-join search-hero-form\" action=\"https:\/\/mag.wihdatec.com\/cherche-id\/\">\r\n                        <span class=\"serach-form-heading\">What are you looking for ?<\/span>\r\n                      <div class=\"form-group  title-search-input\">\r\n                         <label for=\"exampleInputEmail1\">Title<\/label>\r\n                          <input class=\"form-control\" autocomplete=\"off\" name=\"ad_title\" placeholder=\"What Are You Looking For...\" type=\"text\"> \r\n                       <\/div>\r\n                      <div class=\"form-group\">\r\n                      <label for=\"exampleInputEmail1\">Select Category<\/label>\r\n                          <select class=\"category form-control\" name=\"cat_id\" data-placeholder=\"Select Category\">\r\n                             <option label=\"Select Category\" value=\"\">Select Category<\/option>\r\n                             <option value=\"2242\">Accounting Taxes Finances<\/option><option value=\"2568\">Alaskan Malamute<\/option><option value=\"2384\">Animals<\/option><option value=\"2614\">Apartments<\/option><option value=\"2570\">Apparel<\/option><option value=\"2571\">Apple<\/option><option value=\"2572\">Arabian<\/option><option value=\"82\">ART &amp; DESIGN<\/option><option value=\"2616\">Audi<\/option><option value=\"2070\">Autres<\/option><option value=\"293\">Bags &amp; Beauty Products<\/option><option value=\"294\">Bank\/Finance Jobs<\/option><option value=\"2578\">belts<\/option><option value=\"2579\">Bikes<\/option><option value=\"2401\">Birds<\/option><option value=\"2580\">Blue Tang<\/option><option value=\"2617\">BMW<\/option><option value=\"2581\">Boats<\/option><option value=\"1811\">Boucherie<\/option><option value=\"1329\">Boulangerie &amp; Pattiserie<\/option><option value=\"2583\">bungalow<\/option><option value=\"2410\">Calligraphy<\/option><option value=\"2585\">Cars<\/option><option value=\"1349\">Cars<\/option><option value=\"124\">Cars Accessories<\/option><option value=\"2416\">Cats<\/option><option value=\"2587\">check<\/option><option value=\"2619\">Civic<\/option><option value=\"299\">Cleaning Jobs<\/option><option value=\"300\">Cleaning Services<\/option><option value=\"2310\">clothes<\/option><option value=\"301\">Clothing<\/option><option value=\"302\">Clothing - Male<\/option><option value=\"2220\">Co-location<\/option><option value=\"304\">Commercial &amp; Offices<\/option><option value=\"305\">Computer &amp; Laptops<\/option><option value=\"2205\">Computer &amp; Technology<\/option><option value=\"2154\">Computer &amp; Technology<\/option><option value=\"1340\">Construction &amp; R\u00e9novation<\/option><option value=\"306\">Cricket<\/option><option value=\"307\">Design Jobs<\/option><option value=\"308\">Development Jobs<\/option><option value=\"2434\">Dogs<\/option><option value=\"2590\">Eclectus<\/option><option value=\"309\">Educational<\/option><option value=\"2436\">Electronics<\/option><option value=\"310\">Events Service<\/option><option value=\"311\">Farms<\/option><option value=\"2438\">Fashion &amp; Beauty<\/option><option value=\"2203\">Femme<\/option><option value=\"2440\">Fish<\/option><option value=\"2620\">Flats<\/option><option value=\"1810\">Food<\/option><option value=\"312\">Food Services<\/option><option value=\"2443\">Footwear<\/option><option value=\"2444\">For Rent<\/option><option value=\"2445\">For Sale<\/option><option value=\"2033\">Formations<\/option><option value=\"313\">Games &amp; Console<\/option><option value=\"2453\">German Shepherd<\/option><option value=\"2454\">Golden Retriever<\/option><option value=\"2592\">Government<\/option><option value=\"314\">Governmnet Jobs<\/option><option value=\"2455\">Graphic arts<\/option><option value=\"1186\">health and wellbeing<\/option><option value=\"2594\">Heavy Bikes<\/option><option value=\"316\">Home<\/option><option value=\"893\">HOME<\/option><option value=\"2285\">Home &amp; Garden<\/option><option value=\"317\">Home &amp; Office Removals<\/option><option value=\"174\">Home Apps<\/option><option value=\"2595\">Homes<\/option><option value=\"2200\">Homme<\/option><option value=\"2596\">Honda<\/option><option value=\"2466\">Horses<\/option><option value=\"2597\">Hotel &amp; Tourism<\/option><option value=\"1213\">HOTELS &amp; H\u00c9BERGEMENT<\/option><option value=\"2598\">Huawei<\/option><option value=\"173\">I.T &amp; COMPUTER<\/option><option value=\"2083\">Immigration &amp; Visa<\/option><option value=\"1338\">Info \/ T\u00e9l \/ Electronique<\/option><option value=\"2290\">Ipads &amp; Laptops<\/option><option value=\"319\">IT Jobs<\/option><option value=\"192\">JOBS<\/option><option value=\"2478\">latest news<\/option><option value=\"2221\">Location<\/option><option value=\"2601\">Lovebird<\/option><option value=\"1812\">Magasin g\u00e9n\u00e9ral<\/option><option value=\"2484\">marketing<\/option><option value=\"2150\">M\u00e9canicien Auto<\/option><option value=\"320\">Medical<\/option><option value=\"202\">Mobile &amp; Tablets<\/option><option value=\"2485\">Mobiles<\/option><option value=\"2201\">Mode<\/option><option value=\"2488\">Morgan<\/option><option value=\"322\">Music Instruments<\/option><option value=\"2494\">Neon Tetra<\/option><option value=\"2495\">Norwegian Forest cat<\/option><option value=\"2211\">Offres<\/option><option value=\"2498\">Onlie<\/option><option value=\"2499\">Oppo<\/option><option value=\"2500\">Oscar<\/option><option value=\"882\">OTHERS<\/option><option value=\"2307\">Others<\/option><option value=\"2502\">Painting<\/option><option value=\"2505\">Pandets<\/option><option value=\"2507\">Parrots<\/option><option value=\"2508\">Passerine<\/option><option value=\"2509\">Persian<\/option><option value=\"323\">Plaze &amp; Property<\/option><option value=\"2244\">Plumber<\/option><option value=\"2521\">Ragdoll<\/option><option value=\"2523\">Rainbow Lorikeet<\/option><option value=\"225\">REAL ESTATE<\/option><option value=\"2219\">Real estate purchases<\/option><option value=\"2061\">Real estate sales<\/option><option value=\"1806\">Restaurant &amp; cafe<\/option><option value=\"2528\">Rottweiler<\/option><option value=\"2533\">Sales<\/option><option value=\"2535\">Samsung<\/option><option value=\"2034\">Sant\u00e9<\/option><option value=\"2539\">Scarlet Macaw<\/option><option value=\"2540\">Sculpture<\/option><option value=\"245\">SERVICES<\/option><option value=\"2212\">Services client\u00e8le<\/option><option value=\"2199\">Services informatiques<\/option><option value=\"250\">Shoes<\/option><option value=\"2544\">Sports<\/option><option value=\"262\">SPORTS &amp; LEISURES<\/option><option value=\"263\">Sports Goods<\/option><option value=\"886\">STORES<\/option><option value=\"2547\">Swift<\/option><option value=\"2548\">Tablets<\/option><option value=\"2227\">T\u00c9L\u00c9PHONE &amp; \u00c9LECTRON.<\/option><option value=\"2609\">Tesla<\/option><option value=\"2552\">Thoroughbred<\/option><option value=\"2610\">Toyota<\/option><option value=\"2611\">Toyota Camry<\/option><option value=\"2612\">Toyota RAV4<\/option><option value=\"150\">Travel<\/option><option value=\"2305\">Travel Agency<\/option><option value=\"270\">TV &amp; LCD<\/option><option value=\"2108\">VEHICLES<\/option><option value=\"2215\">Vente &amp; Marketing<\/option><option value=\"2613\">Villas<\/option><option value=\"277\">Watches<\/option><option value=\"2561\">Watches &amp; Jewelry<\/option><option value=\"279\">Wathes &amp; Jewellery<\/option>\r\n                          <\/select>\r\n                      <\/div>\r\n                        <div class=\"form-group\">\r\n                        <label for=\"exampleInputEmail1\">Location<\/label>\r\n                           <input class=\"form-control\" name=\"location\" id=\"sb_user_address\" placeholder=\"Location...\"  type=\"text\">\r\n                        <\/div>\r\n                        \r\n                        <button class=\"btn btn-theme btn-block\" type=\"submit\">search<\/button>\r\n                        <\/form>\r\n                    <\/div>\r\n                  <\/div>\r\n                <\/div>\r\n              <\/section>[\/vc_column][\/vc_row][vc_row][vc_column]<section class=\"gray\">\r\n            <div class=\"container\">\r\n               <div class=\"row\">\r\n                  <div class=\"col-md-12 col-xs-12 col-sm-12 grid-section\">\r\n                      <div class=\"grid-card ad-slider-box\">\r\n                           <div class=\"heading-panel\"><div class=\"col-xs-12 col-md-12 col-sm-12\"><h3 class=\"main-title text-left\">Featured Ads<\/h3><\/div><\/div>\r\n                          <div class=\"featured-slider-1 owl-carousel owl-theme ad-slider-box-carousel\">  <\/div>\r\n                      <\/div>\r\n                  <\/div>\r\n               <\/div>\r\n            <\/div>\r\n         <\/section>[\/vc_column][\/vc_row][vc_row][vc_column]<section class=\"gp-great-product  \">\r\n            <div class=\"container\">\r\n                <div class=\"row\">\r\n                    <div class=\"col-xl-8 col-lg-8 col-md-12 col-sm-12\">\r\n                    <div class=\"visited-content\">\r\n\t\t\t\t\t <div class=\"col-md-12\">\r\n\t\t\t\t\t\t<div class=\"visited-heading\"><h2 class=\"main-title text-left\">Most Visited   <\/h2><\/div>\r\n\t\t\t\t\t\t<div class=\"section-visited-content\"><div class=\"visited-content-items\"><a href=\"https:\/\/mag.wihdatec.com\/cherche-id\/?cat_id=225\">\r\n\t\t\t\t\t\t<div class=\"visited-state\"><img decoding=\"async\" alt=\"REAL ESTATE\" src=\"https:\/\/mag.wihdatec.com\/wp-content\/uploads\/2017\/10\/house.png\" title=\"REAL ESTATE\"><\/div><div class=\"state-heading\"><h5>REAL ESTATE<\/h5><\/div><\/a><\/div><div class=\"visited-content-items\"><a href=\"https:\/\/mag.wihdatec.com\/cherche-id\/?cat_id=313\">\r\n\t\t\t\t\t\t<div class=\"visited-state\"><img decoding=\"async\" alt=\"Games &amp; Console\" src=\"https:\/\/mag.wihdatec.com\/wp-content\/uploads\/2017\/10\/game-console.png\" title=\"Games &amp; Console\"><\/div><div class=\"state-heading\"><h5>Games &amp; Console<\/h5><\/div><\/a><\/div><div class=\"visited-content-items\"><a href=\"https:\/\/mag.wihdatec.com\/cherche-id\/?cat_id=150\">\r\n\t\t\t\t\t\t<div class=\"visited-state\"><img decoding=\"async\" alt=\"Travel\" src=\"https:\/\/mag.wihdatec.com\/wp-content\/uploads\/2017\/10\/coat.png\" title=\"Travel\"><\/div><div class=\"state-heading\"><h5>Travel<\/h5><\/div><\/a><\/div><div class=\"visited-content-items\"><a href=\"https:\/\/mag.wihdatec.com\/cherche-id\/?cat_id=192\">\r\n\t\t\t\t\t\t<div class=\"visited-state\"><img decoding=\"async\" alt=\"JOBS\" src=\"https:\/\/mag.wihdatec.com\/wp-content\/uploads\/2017\/10\/employee.png\" title=\"JOBS\"><\/div><div class=\"state-heading\"><h5>JOBS<\/h5><\/div><\/a><\/div><div class=\"visited-content-items\"><a href=\"https:\/\/mag.wihdatec.com\/cherche-id\/?cat_id=309\">\r\n\t\t\t\t\t\t<div class=\"visited-state\"><img decoding=\"async\" alt=\"Educational\" src=\"https:\/\/mag.wihdatec.com\/wp-content\/uploads\/2017\/10\/bookshelf.png\" title=\"Educational\"><\/div><div class=\"state-heading\"><h5>Educational<\/h5><\/div><\/a><\/div><div class=\"visited-content-items\"><a href=\"https:\/\/mag.wihdatec.com\/cherche-id\/?cat_id=305\">\r\n\t\t\t\t\t\t<div class=\"visited-state\"><img decoding=\"async\" alt=\"Computer &amp; Laptops\" src=\"https:\/\/mag.wihdatec.com\/wp-content\/uploads\/2017\/10\/laptop.png\" title=\"Computer &amp; Laptops\"><\/div><div class=\"state-heading\"><h5>Computer &amp; Laptops<\/h5><\/div><\/a><\/div><div class=\"visited-content-items\"><a href=\"https:\/\/mag.wihdatec.com\/cherche-id\/?cat_id=262\">\r\n\t\t\t\t\t\t<div class=\"visited-state\"><img decoding=\"async\" alt=\"SPORTS &amp; LEISURES\" src=\"https:\/\/mag.wihdatec.com\/wp-content\/uploads\/2017\/10\/ping-pong.png\" title=\"SPORTS &amp; LEISURES\"><\/div><div class=\"state-heading\"><h5>SPORTS &amp; LEISURES<\/h5><\/div><\/a><\/div><\/div>\r\n\t\t\t\t\t<\/div>       \r\n\t\t\t\t <\/div>  \r\n                     <div class=\"ad-home-list\">  \r\n                     <div class=\"visited-heading\"><h2 class=\"main-title text-left\">  <\/h2><\/div>\r\n                     \r\n                         \r\n\t\t\t\t\t<div class=\"text-center\">\r\n\t\t\t\t\t<div class=\"col-xl-12 col-lg-12 col-md-12 col-sm-12 col-12\"><div class=\"load-more-btn\"><a  href=\"http:\/\/adforest.scriptsbundle.com\/modern\/search-results\/ \"  target=\"%20_blank\" class=\"btn btn-theme btn-block btn-white\" > View All Ads <\/a><\/div><\/div><\/div>\r\n\t\t\t\t <\/div>  \r\n                    <\/div>                \r\n                    <div class=\"col-xl-4 col-lg-4 col-md-12 col-sm-12\">\r\n                     <div class=\"ad_grid_sidebar\">\r\n                         \r\n                      <\/div>     \r\n                    <\/div>           \r\n                <\/div>\r\n            <\/div>\r\n        <\/section>[\/vc_column][\/vc_row][vc_row][vc_column]<section class=\"ads-location   \">\r\n    <div class=\"container\">\r\n        <div class=\"row\">\r\n         <div class=\"heading-panel\"><div class=\"col-xs-12 col-md-12 col-sm-12 text-center\"><h2>Ads <span class=\"heading-color\">By<\/span> Locations<\/h2> <p class=\"heading-text\">Eu delicata rationibus usu. Vix te putant utroque, ludus fabellas duo eu, his dico ut debet consectetuer.<\/p><\/div><\/div>\r\n            <div class=\"col-xxl-3 col-xl-3 col-lg-6 col-md-6 col-sm-12\">\r\n                                <div class=\"sect-location\">\r\n                                    <div class=\"sect-location-img\">\r\n                                       <img decoding=\"async\" src=\"https:\/\/mag.wihdatec.com\/wp-content\/uploads\/2017\/12\/california-250x160.jpg\" alt=\"California\">\r\n                                    <\/div>\r\n                                    <div class=\"sect-location-heding\">\r\n                                        <div class=\"sect-location-country-heading\">\r\n                                            <a href=\"https:\/\/mag.wihdatec.com\/cherche-id\/?country_id=2584\"> <h5>California<\/h5><\/a>\r\n                                             <span class=\"\">( 0 ads )<\/span>\r\n                                        <\/div>\r\n                                        <div class=\"sect-location-marker\">\r\n                                             <img decoding=\"async\" src=\"https:\/\/mag.wihdatec.com\/wp-content\/themes\/adforest\/images\/route.png\" alt=\"icon\">\r\n                                        <\/div>\r\n                                    <\/div>\r\n                                <\/div>\r\n                            <\/div><div class=\"col-xxl-3 col-xl-3 col-lg-6 col-md-6 col-sm-12\">\r\n                                <div class=\"sect-location\">\r\n                                    <div class=\"sect-location-img\">\r\n                                       <img decoding=\"async\" src=\"https:\/\/mag.wihdatec.com\/wp-content\/uploads\/2017\/12\/1491592922892-250x160.jpeg\" alt=\"Alabama\">\r\n                                    <\/div>\r\n                                    <div class=\"sect-location-heding\">\r\n                                        <div class=\"sect-location-country-heading\">\r\n                                            <a href=\"https:\/\/mag.wihdatec.com\/cherche-id\/?country_id=2567\"> <h5>Alabama<\/h5><\/a>\r\n                                             <span class=\"\">( 0 ads )<\/span>\r\n                                        <\/div>\r\n                                        <div class=\"sect-location-marker\">\r\n                                             <img decoding=\"async\" src=\"https:\/\/mag.wihdatec.com\/wp-content\/themes\/adforest\/images\/route.png\" alt=\"icon\">\r\n                                        <\/div>\r\n                                    <\/div>\r\n                                <\/div>\r\n                            <\/div>\r\n        <\/div>\r\n    <\/div>\r\n<\/section>[\/vc_column][\/vc_row]<\/p>\n<\/div>","protected":false},"excerpt":{"rendered":"<p>[vc_row][vc_column][\/vc_column][\/vc_row][vc_row][vc_column][\/vc_column][\/vc_row][vc_row][vc_column][\/vc_column][\/vc_row][vc_row][vc_column][\/vc_column][\/vc_row]<\/p>\n","protected":false},"author":1,"featured_media":0,"parent":0,"menu_order":0,"comment_status":"closed","ping_status":"closed","template":"page-home.php","meta":{"footnotes":""},"class_list":["post-1773","page","type-page","status-publish","hentry"],"_links":{"self":[{"href":"https:\/\/mag.wihdatec.com\/en\/wp-json\/wp\/v2\/pages\/1773","targetHints":{"allow":["GET"]}}],"collection":[{"href":"https:\/\/mag.wihdatec.com\/en\/wp-json\/wp\/v2\/pages"}],"about":[{"href":"https:\/\/mag.wihdatec.com\/en\/wp-json\/wp\/v2\/types\/page"}],"author":[{"embeddable":true,"href":"https:\/\/mag.wihdatec.com\/en\/wp-json\/wp\/v2\/users\/1"}],"replies":[{"embeddable":true,"href":"https:\/\/mag.wihdatec.com\/en\/wp-json\/wp\/v2\/comments?post=1773"}],"version-history":[{"count":0,"href":"https:\/\/mag.wihdatec.com\/en\/wp-json\/wp\/v2\/pages\/1773\/revisions"}],"wp:attachment":[{"href":"https:\/\/mag.wihdatec.com\/en\/wp-json\/wp\/v2\/media?parent=1773"}],"curies":[{"name":"wp","href":"https:\/\/api.w.org\/{rel}","templated":true}]}}