{"id":7568,"date":"2020-09-13T11:34:21","date_gmt":"2020-09-13T15:34:21","guid":{"rendered":"https:\/\/mag.wihdatec.com\/compte-professionnel\/"},"modified":"2020-09-13T13:16:40","modified_gmt":"2020-09-13T17:16:40","slug":"compte-professionnel","status":"publish","type":"page","link":"https:\/\/mag.wihdatec.com\/en\/faqs\/compte-professionnel\/","title":{"rendered":"Compte professionnel"},"content":{"rendered":"<div class=\"wpb-content-wrapper\"><p>[vc_row][vc_column]<section class=\"land-fa-qs \">\r\n\t\t\t\t\t  <div class=\"container\">\r\n\t\t\t\t\t\t<div class=\"row\">\r\n\t\t\t\t\t\t  <div class=\"col-lg-6 col-xs-12 col-sm-6 col-md-6\">\r\n\t\t\t\t\t\t  <div class=\"land-qs-heading-section\"><h3><\/h3><\/div>\r\n\t\t\t\t\t\t  <div class=\"land-qs-text-section\"><h5><strong>Guide et infos pour les entreprises<\/strong><\/h5><\/div>\r\n\t\t\t\t\t\t\t<div class=\"land-qs-text-section\"><p>Annuaire des entreprises nationales et internationales, et promouvoir vos biens et services selons vos annonces.<\/p><\/div>\r\n\t\t\t\t\t\t\t<div class=\"demo\"><div class=\"panel-group\" id=\"\" role=\"tablist\" aria-multiselectable=\"true\"><ul class=\"list-inline\"><div class=\"land-body-panel\">\r\n\t\t\t\t\t\t\t\t  <div class=\"panel panel-default\">\r\n\t\t\t\t\t\t\t\t\t<div class=\"panel-heading\" role=\"tab\" id=\"heading-34956711777387215\">\r\n\t\t\t\t\t\t\t\t\t  <h4 class=\"panel-title\"> <a role=\"button\" data-bs-toggle=\"collapse\" data-parent=\"#accordion\" href=\"#collapse-34956711777387215\" aria-expanded=\"true\" aria-controls=\"collapseOne\"> <i class=\"more-less fa fa-plus\"><\/i> Cr\u00e9ation de votre compte professionnel <\/a> <\/h4>\r\n\t\t\t\t\t\t\t\t\t<\/div>\r\n\t\t\t\t\t\t\t\t\t<div id=\"collapse-34956711777387215\" class=\"panel-collapse collapse\" role=\"tabpanel\" aria-labelledby=\"heading-34956711777387215\">\r\n\t\t\t\t\t\t\t\t\t  <div class=\"panel-body\">Cr\u00e9er un compte professionnel (voir fig01 )\n\nVoir MENU PRINCIPAL en HAUT\n\nA- Cliquez sur CONNEXION ou ou INSCRIPTION PRO et choisir un plan ( Gratuit ou un autre plan)du menu principale, un pop up s&#039;ouvre\n\nDeux options s&#039;offrent :\n\n1- Utilisez vos comptes Facebook ou Gmail pour se connecter\n\n2- Cr\u00e9er un compte avec Wihda Tec,choisir cr\u00e9er un compte en bas de la fenetre, remplir les champs demand\u00e9s et vous allez recevoir un email pour activer votre compe\n\nune fois le compte cr\u00e9e, vous aurez la possibilit\u00e9 de publier vos annonces et \u00e9venements, les options dans le menu sont affich\u00e9s selon l&#039;abonnement choisi.<\/div>\r\n\t\t\t\t\t\t\t\t\t<\/div>\r\n\t\t\t\t\t\t\t\t  <\/div>\r\n\t\t\t\t\t\t\t\t<\/div><\/ul><\/div><\/div>\r\n\t\t\t\t\t\t  <\/div>\r\n\t\t\t\t\t\t  <div class=\"col-lg-6 col-xs-12 col-sm-6 col-md-6\">\r\n\t\t\t\t\t\t\t<div class=\"land-fa-qs-image\"><img decoding=\"async\" src=\"https:\/\/mag.wihdatec.com\/wp-content\/uploads\/2020\/09\/connexion-inscript-02.jpg\" class=\"img-fluid\" alt=\"image\">  <\/div>\r\n\t\t\t\t\t\t  <\/div>\r\n\t\t\t\t\t\t<\/div>\r\n\t\t\t\t\t  <\/div>\r\n\t\t\t\t\t<\/section>[\/vc_column][\/vc_row]<\/p>\n<\/div>","protected":false},"excerpt":{"rendered":"<p>[vc_row][vc_column][\/vc_column][\/vc_row]<\/p>\n","protected":false},"author":1,"featured_media":0,"parent":4265,"menu_order":0,"comment_status":"closed","ping_status":"closed","template":"","meta":{"footnotes":""},"class_list":["post-7568","page","type-page","status-publish","hentry"],"_links":{"self":[{"href":"https:\/\/mag.wihdatec.com\/en\/wp-json\/wp\/v2\/pages\/7568","targetHints":{"allow":["GET"]}}],"collection":[{"href":"https:\/\/mag.wihdatec.com\/en\/wp-json\/wp\/v2\/pages"}],"about":[{"href":"https:\/\/mag.wihdatec.com\/en\/wp-json\/wp\/v2\/types\/page"}],"author":[{"embeddable":true,"href":"https:\/\/mag.wihdatec.com\/en\/wp-json\/wp\/v2\/users\/1"}],"replies":[{"embeddable":true,"href":"https:\/\/mag.wihdatec.com\/en\/wp-json\/wp\/v2\/comments?post=7568"}],"version-history":[{"count":1,"href":"https:\/\/mag.wihdatec.com\/en\/wp-json\/wp\/v2\/pages\/7568\/revisions"}],"predecessor-version":[{"id":7570,"href":"https:\/\/mag.wihdatec.com\/en\/wp-json\/wp\/v2\/pages\/7568\/revisions\/7570"}],"up":[{"embeddable":true,"href":"https:\/\/mag.wihdatec.com\/en\/wp-json\/wp\/v2\/pages\/4265"}],"wp:attachment":[{"href":"https:\/\/mag.wihdatec.com\/en\/wp-json\/wp\/v2\/media?parent=7568"}],"curies":[{"name":"wp","href":"https:\/\/api.w.org\/{rel}","templated":true}]}}