
{"id":881,"date":"2017-03-03T07:19:32","date_gmt":"2017-03-03T07:19:32","guid":{"rendered":"http:\/\/adforest.scriptsbundle.com\/adforet-demo-data\/?page_id=881"},"modified":"2017-03-03T07:19:32","modified_gmt":"2017-03-03T07:19:32","slug":"home-10","status":"publish","type":"page","link":"https:\/\/mag.wihdatec.com\/en\/home-10\/","title":{"rendered":"Sesame Classified"},"content":{"rendered":"<div class=\"wpb-content-wrapper\"><p>[vc_row][vc_column]<section class=\"advertizing gray\" >\r\n            <div class=\"container\">\r\n               <div class=\"row\">\r\n\t\t\t   \t\t\r\n                  <div class=\"col-md-12 col-xs-12 col-sm-12\"><div class=\"banner\"><img decoding=\"async\" alt=\"\" src=\"http:\/\/adforest.scriptsbundle.com\/wp-content\/uploads\/2017\/03\/banner-1.png\">\n<\/div><\/div>\r\n               <\/div>\r\n            <\/div>\r\n         <\/section>[\/vc_column][\/vc_row][vc_row][vc_column][ads_slider_short_base ad_type=&#8221;regular&#8221; layout_type=&#8221;grid_1&#8243; no_of_ads=&#8221;10&#8243; cats=&#8221;%5B%7B%22cat%22%3A%2279%22%2C%22icon%22%3A%22flaticon-animal%22%7D%2C%7B%22cat%22%3A%22332%22%2C%22icon%22%3A%22flaticon-transport-9%22%7D%2C%7B%22cat%22%3A%22305%22%2C%22icon%22%3A%22flaticon-technology-23%22%7D%2C%7B%22cat%22%3A%22225%22%2C%22icon%22%3A%22flaticon-house-1%22%7D%2C%7B%22cat%22%3A%22301%22%2C%22icon%22%3A%22flaticon-clothes-1%22%7D%2C%7B%22cat%22%3A%22262%22%2C%22icon%22%3A%22flaticon-fashion%22%7D%5D&#8221;][\/vc_column][\/vc_row][vc_row][vc_column]<section class=\"custom-padding ads-grid-selector gray gray\" ><div class=\"container\"><div class=\"heading-panel\"><div class=\"col-xs-12 col-md-12 col-sm-12 text-center\"><h2>Latest <span class=\"heading-color\"> Trending <\/span>Listings<\/h2> <p class=\"heading-text\">Eu delicata rationibus usu. Vix te putant utroque, ludus fabellas duo eu, his dico ut debet consectetuer.<\/p><\/div><\/div><div class=\"\" style=\"box-shadow: 0px 0px 0px 0px;\" ><div class=\"col-md-12 col-xs-12 col-sm-12\"><div class=\"row posts-masonry\"><div class=\"col-lg-4  col-xl-3 col-12 col-md-4  col-sm-6\"><div class=\"new-small-grid ad-grid-5\"> <a href=\"https:\/\/mag.wihdatec.com\/en\/annonces\/headphone\/\"><figure class=\"new-small-grid-img\"><img decoding=\"async\" src=\"https:\/\/mag.wihdatec.com\/wp-content\/uploads\/2024\/11\/ecouteur-iroman-pioneer.jpg\" alt=\"headphone\" class=\"img-fluid\"><\/figure><\/a><div class=\"new-small-grid-description\"><h2><a href=\"https:\/\/mag.wihdatec.com\/en\/annonces\/headphone\/\" title=\"headphone\">headphone<\/a><\/h2><div class=\"category-title\"><span class=\"padding_cats\"><a href=\"https:\/\/mag.wihdatec.com\/cherche-id\/?cat_id=2227\" class=\"\">T\u00c9L\u00c9PHONE &amp; \u00c9LECTRON.<\/a><\/span><\/div><span class=\"ad-price\">$CAN29.95<span class=\"\">&nbsp;(Negotiable)<\/span><\/span><\/div><\/div><\/div><div class=\"col-lg-4  col-xl-3 col-12 col-md-4  col-sm-6\"><div class=\"new-small-grid ad-grid-5\"> <a href=\"https:\/\/mag.wihdatec.com\/en\/annonces\/kit-vengeance-lpx-ram-ddr4-2-x-8-gb-3200-mhz\/\"><figure class=\"new-small-grid-img\"><img decoding=\"async\" src=\"https:\/\/mag.wihdatec.com\/wp-content\/uploads\/2022\/03\/memoire.png\" alt=\"kit Vengeance LPX ram ddr4 2 x 8 Gb 3200 Mhz\" class=\"img-fluid\"><\/figure><\/a><div class=\"new-small-grid-description\"><h2><a href=\"https:\/\/mag.wihdatec.com\/en\/annonces\/kit-vengeance-lpx-ram-ddr4-2-x-8-gb-3200-mhz\/\" title=\"kit Vengeance LPX ram ddr4 2 x 8 Gb 3200 Mhz\">kit Vengeance LPX ram ddr4 2 x 8 Gb 3200 Mhz<\/a><\/h2><div class=\"category-title\"><span class=\"padding_cats\"><a href=\"https:\/\/mag.wihdatec.com\/cherche-id\/?cat_id=173\" class=\"\">I.T &amp; COMPUTER<\/a><\/span><span class=\"padding_cats\"><a href=\"https:\/\/mag.wihdatec.com\/cherche-id\/?cat_id=2154\" class=\"\">Computer &amp; Technology<\/a><\/span><\/div><span class=\"ad-price\">\u20ac45.00<span class=\"\">&nbsp;(Auction)<\/span><\/span><\/div><\/div><\/div><div class=\"col-lg-4  col-xl-3 col-12 col-md-4  col-sm-6\"><div class=\"new-small-grid ad-grid-5\"> <a href=\"https:\/\/mag.wihdatec.com\/en\/annonces\/sacaner-cose-barre-datalogic-gryphon-gd4520\/\"><figure class=\"new-small-grid-img\"><img decoding=\"async\" src=\"https:\/\/mag.wihdatec.com\/wp-content\/uploads\/2024\/10\/temp5508370629202895035.jpg\" alt=\"Scanner code barre Datalogic Gryphon GD4520\" class=\"img-fluid\"><\/figure><\/a><div class=\"new-small-grid-description\"><h2><a href=\"https:\/\/mag.wihdatec.com\/en\/annonces\/sacaner-cose-barre-datalogic-gryphon-gd4520\/\" title=\"Scanner code barre Datalogic Gryphon GD4520\">Scanner code barre Datalogic Gryphon GD4520<\/a><\/h2><div class=\"category-title\"><span class=\"padding_cats\"><a href=\"https:\/\/mag.wihdatec.com\/cherche-id\/?cat_id=2205\" class=\"\">Computer &amp; Technology<\/a><\/span><\/div><span class=\"ad-price\">$199.00<span class=\"\">&nbsp;(Auction)<\/span><\/span><\/div><\/div><\/div><div class=\"col-lg-4  col-xl-3 col-12 col-md-4  col-sm-6\"><div class=\"new-small-grid ad-grid-5\"><a href=\"https:\/\/www.youtube.com\/watch?v=LefOpGXS0cI\" class=\"play-video \"><i class=\"fa fa-play-circle-o\"><\/i><\/a> <a href=\"https:\/\/mag.wihdatec.com\/en\/annonces\/disque-dur-2tb-externe-2-5-seagate-backup-plus\/\"><figure class=\"new-small-grid-img\"><img decoding=\"async\" src=\"https:\/\/mag.wihdatec.com\/wp-content\/uploads\/2020\/07\/seag-1tb-01-1020-313x234.jpg\" alt=\"Disque dur 2TB Externe 2.5 SEAGATE BACKUP PLUS\" class=\"img-fluid\"><\/figure><\/a><div class=\"new-small-grid-description\"><h2><a href=\"https:\/\/mag.wihdatec.com\/en\/annonces\/disque-dur-2tb-externe-2-5-seagate-backup-plus\/\" title=\"Disque dur 2TB Externe 2.5 SEAGATE BACKUP PLUS\">Disque dur 2TB Externe 2.5 SEAGATE BACKUP PLUS<\/a><\/h2><div class=\"category-title\"><span class=\"padding_cats\"><a href=\"https:\/\/mag.wihdatec.com\/cherche-id\/?cat_id=173\" class=\"\">I.T &amp; COMPUTER<\/a><\/span><\/div><span class=\"ad-price\">$95.00<span class=\"\">&nbsp;(Auction)<\/span><\/span><\/div><\/div><\/div> <\/div><\/div><\/div><\/div><\/section>[\/vc_column][\/vc_row][vc_row][vc_column]<section class=\"ads-location   \">\r\n    <div class=\"container\">\r\n        <div class=\"row\">\r\n         <div class=\"heading-panel\"><div class=\"col-xs-12 col-md-12 col-sm-12 text-center\"><h2>Ads <span class=\"heading-color\">By<\/span> Locations<\/h2> <p class=\"heading-text\">Eu delicata rationibus usu. Vix te putant utroque, ludus fabellas duo eu, his dico ut debet consectetuer.<\/p><\/div><\/div>\r\n            <div class=\"col-xxl-3 col-xl-3 col-lg-6 col-md-6 col-sm-12\">\r\n                                <div class=\"sect-location\">\r\n                                    <div class=\"sect-location-img\">\r\n                                       <img decoding=\"async\" src=\"https:\/\/mag.wihdatec.com\/wp-content\/uploads\/2017\/12\/california-250x160.jpg\" alt=\"California\">\r\n                                    <\/div>\r\n                                    <div class=\"sect-location-heding\">\r\n                                        <div class=\"sect-location-country-heading\">\r\n                                            <a href=\"https:\/\/mag.wihdatec.com\/cherche-id\/?country_id=2584\"> <h5>California<\/h5><\/a>\r\n                                             <span class=\"\">( 0 ads )<\/span>\r\n                                        <\/div>\r\n                                        <div class=\"sect-location-marker\">\r\n                                             <img decoding=\"async\" src=\"https:\/\/mag.wihdatec.com\/wp-content\/themes\/adforest\/images\/route.png\" alt=\"icon\">\r\n                                        <\/div>\r\n                                    <\/div>\r\n                                <\/div>\r\n                            <\/div><div class=\"col-xxl-3 col-xl-3 col-lg-6 col-md-6 col-sm-12\">\r\n                                <div class=\"sect-location\">\r\n                                    <div class=\"sect-location-img\">\r\n                                       <img decoding=\"async\" src=\"https:\/\/mag.wihdatec.com\/wp-content\/uploads\/2017\/12\/1491592922892-250x160.jpeg\" alt=\"Alabama\">\r\n                                    <\/div>\r\n                                    <div class=\"sect-location-heding\">\r\n                                        <div class=\"sect-location-country-heading\">\r\n                                            <a href=\"https:\/\/mag.wihdatec.com\/cherche-id\/?country_id=2567\"> <h5>Alabama<\/h5><\/a>\r\n                                             <span class=\"\">( 0 ads )<\/span>\r\n                                        <\/div>\r\n                                        <div class=\"sect-location-marker\">\r\n                                             <img decoding=\"async\" src=\"https:\/\/mag.wihdatec.com\/wp-content\/themes\/adforest\/images\/route.png\" alt=\"icon\">\r\n                                        <\/div>\r\n                                    <\/div>\r\n                                <\/div>\r\n                            <\/div>\r\n        <\/div>\r\n    <\/div>\r\n<\/section>[\/vc_column][\/vc_row][vc_row][vc_column]<div class=\"cashew-main-counter funfacts  parallex\" >\r\n            <div class=\"container\">\r\n               <div class=\"row\"> <div class=\"col-lg-3 col-md-6 col-sm-6 col-xs-6\"><div class=\"icons\"><i class=\"\"><\/i><\/div><div class=\"number\"><span class=\"timer\" data-from=\"0\" data-to=\"1238\" data-speed=\"1500\" data-refresh-interval=\"5\">0<\/span><\/div><h4>Completed  <span>Project<\/span><\/h4><\/div><div class=\"col-lg-3 col-md-6 col-sm-6 col-xs-6\"><div class=\"icons\"><i class=\"\"><\/i><\/div><div class=\"number\"><span class=\"timer\" data-from=\"0\" data-to=\"820\" data-speed=\"1500\" data-refresh-interval=\"5\">0<\/span><\/div><h4>Expert  <span>Worker<\/span><\/h4><\/div><div class=\"col-lg-3 col-md-6 col-sm-6 col-xs-6\"><div class=\"icons\"><i class=\"\"><\/i><\/div><div class=\"number\"><span class=\"timer\" data-from=\"0\" data-to=\"1042\" data-speed=\"1500\" data-refresh-interval=\"5\">0<\/span><\/div><h4>Happy  <span>Client<\/span><\/h4><\/div><div class=\"col-lg-3 col-md-6 col-sm-6 col-xs-6\"><div class=\"icons\"><i class=\"\"><\/i><\/div><div class=\"number\"><span class=\"timer\" data-from=\"0\" data-to=\"34\" data-speed=\"1500\" data-refresh-interval=\"5\">0<\/span><\/div><h4>Award  <span>Winner<\/span><\/h4><\/div> <\/div>\r\n            <\/div>\t\t\t\r\n         <\/div>[\/vc_column][\/vc_row][vc_row][vc_column]<section class=\"custom-padding  latest-blog \" >\r\n            <div class=\"container\">\r\n                \r\n                <div class=\"heading-panel\"><div class=\"col-xs-12 col-md-12 col-sm-12 text-center\"><h2>Latest <span class=\"heading-color\"> Blog <\/span> Post<\/h2> <p class=\"heading-text\">Eu delicata rationibus usu. Vix te putant utroque, ludus fabellas duo eu, his dico ut debet consectetuer.<\/p><\/div><\/div>\r\n               <div class=\"row\">\t\t\t \r\n\t\t\t   <div class=\"col-md-12 col-xs-12 col-sm-12\">\r\n               <div class=\"row\"><\/div>\r\n\t\t\t<\/div>\r\n\t\t   <\/div>\r\n\t\t<\/div>\r\n\t\t<\/section>[\/vc_column][\/vc_row][vc_row][vc_column]<section class=\"morden-pricing pistachio-classified-pricing parallex for-modern-type\"  >\r\n            <div class=\"container\">\r\n               <div class=\"row\">\r\n                  <div class=\"col-lg-4  col-md-12 col-sm-12\">\r\n                     <div class=\"app-text-section\">\r\n                        <span>FEATURED ADS<\/span>\r\n                        <h3>GET MORE EXPOSURE<\/h3>\r\n                            <ul><li>Find nearby cars in your network with Scholar<\/li><li>Browse real hirers reviews to know why choose Scholar<\/li><li>Rent a car so easy with a tap !<\/li><li>Rent a car so easy with a tap !<\/li><\/ul>\r\n                            \r\n                     <\/div>\r\n                  <\/div>\r\n                  <div class=\"col-lg-8 col-md-12 col-sm-12 no-padding\">\r\n                    <div class=\"pistachio-content-section\">\r\n                        <div class=\"row\">            \r\n                        \r\n                        <\/div>\r\n                     <\/div>\r\n                  <\/div>\r\n               <\/div>\r\n            <\/div>\r\n         <\/section>[\/vc_column][\/vc_row]<\/p>\n<\/div>","protected":false},"excerpt":{"rendered":"<p>[vc_row][vc_column][\/vc_column][\/vc_row][vc_row][vc_column][ads_slider_short_base ad_type=&#8221;regular&#8221; layout_type=&#8221;grid_1&#8243; no_of_ads=&#8221;10&#8243; cats=&#8221;%5B%7B%22cat%22%3A%2279%22%2C%22icon%22%3A%22flaticon-animal%22%7D%2C%7B%22cat%22%3A%22332%22%2C%22icon%22%3A%22flaticon-transport-9%22%7D%2C%7B%22cat%22%3A%22305%22%2C%22icon%22%3A%22flaticon-technology-23%22%7D%2C%7B%22cat%22%3A%22225%22%2C%22icon%22%3A%22flaticon-house-1%22%7D%2C%7B%22cat%22%3A%22301%22%2C%22icon%22%3A%22flaticon-clothes-1%22%7D%2C%7B%22cat%22%3A%22262%22%2C%22icon%22%3A%22flaticon-fashion%22%7D%5D&#8221;][\/vc_column][\/vc_row][vc_row][vc_column][\/vc_column][\/vc_row][vc_row][vc_column][\/vc_column][\/vc_row][vc_row][vc_column][\/vc_column][\/vc_row][vc_row][vc_column][\/vc_column][\/vc_row][vc_row][vc_column][\/vc_column][\/vc_row]<\/p>\n","protected":false},"author":1,"featured_media":0,"parent":0,"menu_order":0,"comment_status":"closed","ping_status":"closed","template":"page-home.php","meta":{"footnotes":""},"class_list":["post-881","page","type-page","status-publish","hentry"],"_links":{"self":[{"href":"https:\/\/mag.wihdatec.com\/en\/wp-json\/wp\/v2\/pages\/881","targetHints":{"allow":["GET"]}}],"collection":[{"href":"https:\/\/mag.wihdatec.com\/en\/wp-json\/wp\/v2\/pages"}],"about":[{"href":"https:\/\/mag.wihdatec.com\/en\/wp-json\/wp\/v2\/types\/page"}],"author":[{"embeddable":true,"href":"https:\/\/mag.wihdatec.com\/en\/wp-json\/wp\/v2\/users\/1"}],"replies":[{"embeddable":true,"href":"https:\/\/mag.wihdatec.com\/en\/wp-json\/wp\/v2\/comments?post=881"}],"version-history":[{"count":0,"href":"https:\/\/mag.wihdatec.com\/en\/wp-json\/wp\/v2\/pages\/881\/revisions"}],"wp:attachment":[{"href":"https:\/\/mag.wihdatec.com\/en\/wp-json\/wp\/v2\/media?parent=881"}],"curies":[{"name":"wp","href":"https:\/\/api.w.org\/{rel}","templated":true}]}}